{"id":12,"date":"2014-01-30T19:11:39","date_gmt":"2014-01-30T17:11:39","guid":{"rendered":"http:\/\/tsv-germania-hohenlimburg-reh-1894-e-v.online.de\/TSVneu\/?page_id=12"},"modified":"2025-04-11T09:06:14","modified_gmt":"2025-04-11T07:06:14","slug":"vorstand","status":"publish","type":"page","link":"https:\/\/www.tsv-reh.de\/?page_id=12","title":{"rendered":"Vorstand"},"content":{"rendered":"<h3 style=\"padding-left: 40px;\"><a href=\"https:\/\/i0.wp.com\/www.tsv-reh.de\/wp-content\/uploads\/2025\/04\/IMG_2010-scaled.jpeg?ssl=1\"><img data-recalc-dims=\"1\" loading=\"lazy\" decoding=\"async\" class=\"size-large wp-image-651 aligncenter\" src=\"https:\/\/i0.wp.com\/www.tsv-reh.de\/wp-content\/uploads\/2025\/04\/IMG_2010.jpeg?resize=1024%2C576&#038;ssl=1\" alt=\"\" width=\"1024\" height=\"576\" srcset=\"https:\/\/i0.wp.com\/www.tsv-reh.de\/wp-content\/uploads\/2025\/04\/IMG_2010-scaled.jpeg?resize=1024%2C576&amp;ssl=1 1024w, https:\/\/i0.wp.com\/www.tsv-reh.de\/wp-content\/uploads\/2025\/04\/IMG_2010-scaled.jpeg?resize=300%2C169&amp;ssl=1 300w, https:\/\/i0.wp.com\/www.tsv-reh.de\/wp-content\/uploads\/2025\/04\/IMG_2010-scaled.jpeg?resize=768%2C432&amp;ssl=1 768w, https:\/\/i0.wp.com\/www.tsv-reh.de\/wp-content\/uploads\/2025\/04\/IMG_2010-scaled.jpeg?resize=1536%2C864&amp;ssl=1 1536w, https:\/\/i0.wp.com\/www.tsv-reh.de\/wp-content\/uploads\/2025\/04\/IMG_2010-scaled.jpeg?resize=2048%2C1152&amp;ssl=1 2048w\" sizes=\"auto, (max-width: 1000px) 100vw, 1000px\" \/><\/a><a href=\"https:\/\/i0.wp.com\/tsv-germania-hohenlimburg-reh-1894-e-v.online.de\/TSVneu\/wp-content\/uploads\/2017\/02\/img_0083-e1680281999779.png\"><img data-recalc-dims=\"1\" loading=\"lazy\" decoding=\"async\" class=\"alignnone size-large wp-image-287\" src=\"https:\/\/i0.wp.com\/tsv-germania-hohenlimburg-reh-1894-e-v.online.de\/TSVneu\/wp-content\/uploads\/2017\/02\/img_0083-e1680281999779-1024x676.png?resize=1024%2C676\" alt=\"\" width=\"1024\" height=\"676\" srcset=\"https:\/\/i0.wp.com\/www.tsv-reh.de\/wp-content\/uploads\/2017\/02\/img_0083-e1680281999779.png?resize=1024%2C676&amp;ssl=1 1024w, https:\/\/i0.wp.com\/www.tsv-reh.de\/wp-content\/uploads\/2017\/02\/img_0083-e1680281999779.png?resize=300%2C198&amp;ssl=1 300w, https:\/\/i0.wp.com\/www.tsv-reh.de\/wp-content\/uploads\/2017\/02\/img_0083-e1680281999779.png?resize=768%2C507&amp;ssl=1 768w, https:\/\/i0.wp.com\/www.tsv-reh.de\/wp-content\/uploads\/2017\/02\/img_0083-e1680281999779.png?resize=600%2C396&amp;ssl=1 600w, https:\/\/i0.wp.com\/www.tsv-reh.de\/wp-content\/uploads\/2017\/02\/img_0083-e1680281999779.png?w=1461&amp;ssl=1 1461w\" sizes=\"auto, (max-width: 1000px) 100vw, 1000px\" \/><\/a><\/h3>\n<h3>1. Vorsitzender: Marc Handwerker<br \/>\n2. Vorsitzender: Fabian Richter<br \/>\nGesch\u00e4ftsf\u00fchrer: Thomas Stemann<br \/>\nKassierer: Jan Richter<\/h3>\n<h3>Beisitzer:<\/h3>\n<p style=\"padding-left: 40px;\">Ehrenmitglied Kurt St\u00f6ring, Frank Sch\u00fctte, Christopher Richter, Patrick Richter, Sebastian Marks, Jonny Richter, Sabrina Heider, Horst-Martin Schneider, Mirko Brammen, Heike Stemann und Michael Rinke.<\/p>\n<p>&nbsp;<\/p>\n<p>&nbsp;<\/p>\n","protected":false},"excerpt":{"rendered":"<p>1. Vorsitzender: Marc Handwerker 2. Vorsitzender: Fabian Richter Gesch\u00e4ftsf\u00fchrer: Thomas Stemann Kassierer: Jan Richter Beisitzer: Ehrenmitglied Kurt St\u00f6ring, Frank Sch\u00fctte, Christopher Richter, Patrick Richter, Sebastian Marks, Jonny Richter, Sabrina Heider, Horst-Martin Schneider, Mirko Brammen,&#46;&#46;&#46;<\/p>\n","protected":false},"author":1,"featured_media":0,"parent":0,"menu_order":0,"comment_status":"open","ping_status":"open","template":"","meta":{"footnotes":""},"class_list":["post-12","page","type-page","status-publish","hentry"],"jetpack_shortlink":"https:\/\/wp.me\/P8WhUB-c","jetpack_sharing_enabled":true,"_links":{"self":[{"href":"https:\/\/www.tsv-reh.de\/index.php?rest_route=\/wp\/v2\/pages\/12","targetHints":{"allow":["GET"]}}],"collection":[{"href":"https:\/\/www.tsv-reh.de\/index.php?rest_route=\/wp\/v2\/pages"}],"about":[{"href":"https:\/\/www.tsv-reh.de\/index.php?rest_route=\/wp\/v2\/types\/page"}],"author":[{"embeddable":true,"href":"https:\/\/www.tsv-reh.de\/index.php?rest_route=\/wp\/v2\/users\/1"}],"replies":[{"embeddable":true,"href":"https:\/\/www.tsv-reh.de\/index.php?rest_route=%2Fwp%2Fv2%2Fcomments&post=12"}],"version-history":[{"count":10,"href":"https:\/\/www.tsv-reh.de\/index.php?rest_route=\/wp\/v2\/pages\/12\/revisions"}],"predecessor-version":[{"id":655,"href":"https:\/\/www.tsv-reh.de\/index.php?rest_route=\/wp\/v2\/pages\/12\/revisions\/655"}],"wp:attachment":[{"href":"https:\/\/www.tsv-reh.de\/index.php?rest_route=%2Fwp%2Fv2%2Fmedia&parent=12"}],"curies":[{"name":"wp","href":"https:\/\/api.w.org\/{rel}","templated":true}]}}