{"id":14,"date":"2014-01-30T18:12:11","date_gmt":"2014-01-30T16:12:11","guid":{"rendered":"http:\/\/tsv-germania-hohenlimburg-reh-1894-e-v.online.de\/TSVneu\/?page_id=14"},"modified":"2020-03-05T18:55:01","modified_gmt":"2020-03-05T16:55:01","slug":"historie","status":"publish","type":"page","link":"https:\/\/www.tsv-reh.de\/?page_id=14","title":{"rendered":"Historie"},"content":{"rendered":"<p>Es war am 20. September 1894 als sich im Lokal Kohlmann (sp\u00e4ter Engelschmidt, dann Nippel) in Reh Interessenten zusammenfanden, um den TSV Germania Reh aus der Taufe zu heben.<\/p>\n<p>Schon unmittelbar nach der Gr\u00fcndung hatte der Verein einen starken Mitgliederzuwachs zu verzeichnen, so dass bereits 1895 der Beitritt zur Mittelm\u00e4rkischen Turnerschaft vollzogen werden konnte.<\/p>\n<p>Neben sportlichen Wettk\u00e4mpfen, wie Kunstturnen, Handball und auch Fu\u00dfball (bis 1925), war der Verein auch auf kulturellen Gebiet t\u00e4tig.<\/p>\n<p>Weitere spannende R\u00fcckblicke k\u00f6nnt Ihr in unserer Festzeitschrift zum 125 j\u00e4hrigem Bestehen lesen. Einfach hier downloaden:<\/p>\n<p><a href=\"http:\/\/tsv-germania-hohenlimburg-reh-1894-e-v.online.de\/TSVneu\/wp-content\/uploads\/2020\/03\/Festzeitschrift_125Jahre_TSV_Ansicht.pdf\" target=\"_blank\" rel=\"noopener noreferrer\">Festzeitschrift<\/a><\/p>\n<p><a href=\"https:\/\/i0.wp.com\/tsv-germania-hohenlimburg-reh-1894-e-v.online.de\/TSVneu\/wp-content\/uploads\/2020\/03\/TSV2.jpg\"><img data-recalc-dims=\"1\" loading=\"lazy\" decoding=\"async\" class=\"alignnone size-full wp-image-419\" src=\"https:\/\/i0.wp.com\/tsv-germania-hohenlimburg-reh-1894-e-v.online.de\/TSVneu\/wp-content\/uploads\/2020\/03\/TSV2.jpg?resize=798%2C466\" alt=\"\" width=\"798\" height=\"466\" srcset=\"https:\/\/i0.wp.com\/www.tsv-reh.de\/wp-content\/uploads\/2020\/03\/TSV2.jpg?w=798&amp;ssl=1 798w, https:\/\/i0.wp.com\/www.tsv-reh.de\/wp-content\/uploads\/2020\/03\/TSV2.jpg?resize=300%2C175&amp;ssl=1 300w, https:\/\/i0.wp.com\/www.tsv-reh.de\/wp-content\/uploads\/2020\/03\/TSV2.jpg?resize=768%2C448&amp;ssl=1 768w\" sizes=\"auto, (max-width: 798px) 100vw, 798px\" \/><\/a><\/p>\n","protected":false},"excerpt":{"rendered":"<p>Es war am 20. September 1894 als sich im Lokal Kohlmann (sp\u00e4ter Engelschmidt, dann Nippel) in Reh Interessenten zusammenfanden, um den TSV Germania Reh aus der Taufe zu heben. Schon unmittelbar nach der Gr\u00fcndung&#46;&#46;&#46;<\/p>\n","protected":false},"author":1,"featured_media":0,"parent":0,"menu_order":0,"comment_status":"open","ping_status":"open","template":"","meta":{"footnotes":""},"class_list":["post-14","page","type-page","status-publish","hentry"],"jetpack_shortlink":"https:\/\/wp.me\/P8WhUB-e","jetpack_sharing_enabled":true,"_links":{"self":[{"href":"https:\/\/www.tsv-reh.de\/index.php?rest_route=\/wp\/v2\/pages\/14","targetHints":{"allow":["GET"]}}],"collection":[{"href":"https:\/\/www.tsv-reh.de\/index.php?rest_route=\/wp\/v2\/pages"}],"about":[{"href":"https:\/\/www.tsv-reh.de\/index.php?rest_route=\/wp\/v2\/types\/page"}],"author":[{"embeddable":true,"href":"https:\/\/www.tsv-reh.de\/index.php?rest_route=\/wp\/v2\/users\/1"}],"replies":[{"embeddable":true,"href":"https:\/\/www.tsv-reh.de\/index.php?rest_route=%2Fwp%2Fv2%2Fcomments&post=14"}],"version-history":[{"count":5,"href":"https:\/\/www.tsv-reh.de\/index.php?rest_route=\/wp\/v2\/pages\/14\/revisions"}],"predecessor-version":[{"id":421,"href":"https:\/\/www.tsv-reh.de\/index.php?rest_route=\/wp\/v2\/pages\/14\/revisions\/421"}],"wp:attachment":[{"href":"https:\/\/www.tsv-reh.de\/index.php?rest_route=%2Fwp%2Fv2%2Fmedia&parent=14"}],"curies":[{"name":"wp","href":"https:\/\/api.w.org\/{rel}","templated":true}]}}