{"id":21,"date":"2014-01-30T18:13:29","date_gmt":"2014-01-30T16:13:29","guid":{"rendered":"http:\/\/tsv-germania-hohenlimburg-reh-1894-e-v.online.de\/TSVneu\/?page_id=21"},"modified":"2025-12-14T16:47:29","modified_gmt":"2025-12-14T14:47:29","slug":"gymnastik","status":"publish","type":"page","link":"https:\/\/www.tsv-reh.de\/?page_id=21","title":{"rendered":"Gymnastik \/ Yoga"},"content":{"rendered":"<h2 style=\"text-align: left;\">Yoga-Kurs startet erneut am 13.01.2026<br \/>\n<a href=\"https:\/\/i0.wp.com\/tsv-germania-hohenlimburg-reh-1894-e-v.online.de\/TSVneu\/wp-content\/uploads\/2023\/10\/Yoga-scaled.jpg\"><img data-recalc-dims=\"1\" loading=\"lazy\" decoding=\"async\" class=\"alignnone size-large wp-image-522\" src=\"https:\/\/i0.wp.com\/tsv-germania-hohenlimburg-reh-1894-e-v.online.de\/TSVneu\/wp-content\/uploads\/2023\/10\/Yoga-1024x577.jpg?resize=1024%2C577\" alt=\"\" width=\"1024\" height=\"577\" srcset=\"https:\/\/i0.wp.com\/www.tsv-reh.de\/wp-content\/uploads\/2023\/10\/Yoga-scaled.jpg?resize=1024%2C577&amp;ssl=1 1024w, https:\/\/i0.wp.com\/www.tsv-reh.de\/wp-content\/uploads\/2023\/10\/Yoga-scaled.jpg?resize=300%2C169&amp;ssl=1 300w, https:\/\/i0.wp.com\/www.tsv-reh.de\/wp-content\/uploads\/2023\/10\/Yoga-scaled.jpg?resize=768%2C432&amp;ssl=1 768w, https:\/\/i0.wp.com\/www.tsv-reh.de\/wp-content\/uploads\/2023\/10\/Yoga-scaled.jpg?resize=1536%2C865&amp;ssl=1 1536w, https:\/\/i0.wp.com\/www.tsv-reh.de\/wp-content\/uploads\/2023\/10\/Yoga-scaled.jpg?resize=2048%2C1153&amp;ssl=1 2048w\" sizes=\"auto, (max-width: 1000px) 100vw, 1000px\" \/><\/a><\/h2>\n<p style=\"font-weight: 400;\"><em>Fit und beweglich sein, wer m\u00f6chte das nicht?<\/em><\/p>\n<p style=\"font-weight: 400;\">Ab dem 13.01.2026 starten wir wieder f\u00fcr 10mal in der Hagener Str. 41 in Letmathe jeweils dienstags ab 19 Uhr.<\/p>\n<p style=\"font-weight: 400;\">F\u00fcr aktive Mitglieder entstehen keine zus\u00e4tzlichen Kosten, passive Mitglieder zahlen einmalig 15\u20ac, alle anderen zahlen 39,00 \u20ac durch eine befristete Mitgliedschaft. Mitzubringen sind eine Yogamatte, ein Kissen und eine Decke.<\/p>\n<p>Anmeldungen sind \u00fcber das Kontaktformular noch m\u00f6glich:<\/p>\n\n<div class=\"wpcf7 no-js\" id=\"wpcf7-f500-o1\" lang=\"de-DE\" dir=\"ltr\" data-wpcf7-id=\"500\">\n<div class=\"screen-reader-response\"><p role=\"status\" aria-live=\"polite\" aria-atomic=\"true\"><\/p> <ul><\/ul><\/div>\n<form action=\"\/index.php?rest_route=%2Fwp%2Fv2%2Fpages%2F21#wpcf7-f500-o1\" method=\"post\" class=\"wpcf7-form init\" aria-label=\"Kontaktformular\" novalidate=\"novalidate\" data-status=\"init\">\n<fieldset class=\"hidden-fields-container\"><input type=\"hidden\" name=\"_wpcf7\" value=\"500\" \/><input type=\"hidden\" name=\"_wpcf7_version\" value=\"6.1.5\" \/><input type=\"hidden\" name=\"_wpcf7_locale\" value=\"de_DE\" \/><input type=\"hidden\" name=\"_wpcf7_unit_tag\" value=\"wpcf7-f500-o1\" \/><input type=\"hidden\" name=\"_wpcf7_container_post\" value=\"0\" \/><input type=\"hidden\" name=\"_wpcf7_posted_data_hash\" value=\"\" \/><input type=\"hidden\" name=\"_wpcf7_recaptcha_response\" value=\"\" \/>\n<\/fieldset>\n<p><label>Vor- und Nachname<br \/>\n<span class=\"wpcf7-form-control-wrap\" data-name=\"your-name\"><input size=\"40\" maxlength=\"400\" class=\"wpcf7-form-control wpcf7-text wpcf7-validates-as-required\" aria-required=\"true\" aria-invalid=\"false\" value=\"\" type=\"text\" name=\"your-name\" \/><\/span><br \/>\n<\/label>\n<\/p>\n<p><label>Schon Mitglied?<br \/>\n<span class=\"wpcf7-form-control-wrap\" data-name=\"Mitgliedschaft\"><select class=\"wpcf7-form-control wpcf7-select wpcf7-validates-as-required\" aria-required=\"true\" aria-invalid=\"false\" name=\"Mitgliedschaft\"><option value=\"Ich bin schon Mitglied\">Ich bin schon Mitglied<\/option><option value=\"Ich bin noch kein Mitglied\">Ich bin noch kein Mitglied<\/option><\/select><\/span><br \/>\n<\/label>\n<\/p>\n<p><label><br \/>\nMitgliedsnummer (optional)<br \/>\n<span class=\"wpcf7-form-control-wrap\" data-name=\"Mitgliedsnummer\"><input class=\"wpcf7-form-control wpcf7-number wpcf7-validates-as-number\" aria-invalid=\"false\" value=\"\" type=\"number\" name=\"Mitgliedsnummer\" \/><\/span><br \/>\n<\/label>\n<\/p>\n<p><label><br \/>\nE-Mail-Adresse<br \/>\n<span class=\"wpcf7-form-control-wrap\" data-name=\"your-email\"><input size=\"40\" maxlength=\"400\" class=\"wpcf7-form-control wpcf7-email wpcf7-validates-as-required wpcf7-text wpcf7-validates-as-email\" aria-required=\"true\" aria-invalid=\"false\" value=\"\" type=\"email\" name=\"your-email\" \/><\/span><br \/>\n<\/label>\n<\/p>\n<p><label><br \/>\nStra\u00dfe & Hausnummer<br \/>\n<span class=\"wpcf7-form-control-wrap\" data-name=\"your-Strasse\"><input size=\"40\" maxlength=\"400\" class=\"wpcf7-form-control wpcf7-text wpcf7-validates-as-required\" aria-required=\"true\" aria-invalid=\"false\" value=\"\" type=\"text\" name=\"your-Strasse\" \/><\/span><br \/>\n<\/label>\n<\/p>\n<p><label><br \/>\nPLZ & Ort<br \/>\n<span class=\"wpcf7-form-control-wrap\" data-name=\"your-Ort\"><input size=\"40\" maxlength=\"400\" class=\"wpcf7-form-control wpcf7-text wpcf7-validates-as-required\" aria-required=\"true\" aria-invalid=\"false\" value=\"\" type=\"text\" name=\"your-Ort\" \/><\/span><br \/>\n<\/label>\n<\/p>\n<p><label><br \/>\nDeine Nachricht (optional)<br \/>\n<span class=\"wpcf7-form-control-wrap\" data-name=\"your-message\"><textarea cols=\"40\" rows=\"10\" maxlength=\"2000\" class=\"wpcf7-form-control wpcf7-textarea\" aria-invalid=\"false\" name=\"your-message\"><\/textarea><\/span><br \/>\n<\/label>\n<\/p>\n<p><span class=\"wpcf7-form-control-wrap\" data-name=\"Zustimmung\"><span class=\"wpcf7-form-control wpcf7-acceptance\"><span class=\"wpcf7-list-item\"><label><input type=\"checkbox\" name=\"Zustimmung\" value=\"1\" aria-invalid=\"false\" \/><span class=\"wpcf7-list-item-label\">Hiermit melde ich mich verbindlich zum Kurs an<\/span><\/label><\/span><\/span><\/span><label><br \/>\n<input class=\"wpcf7-form-control wpcf7-submit has-spinner\" type=\"submit\" value=\"Senden\" \/><\/label>\n<\/p><p style=\"display: none !important;\" class=\"akismet-fields-container\" data-prefix=\"_wpcf7_ak_\"><label>&#916;<textarea name=\"_wpcf7_ak_hp_textarea\" cols=\"45\" rows=\"8\" maxlength=\"100\"><\/textarea><\/label><input type=\"hidden\" id=\"ak_js_1\" name=\"_wpcf7_ak_js\" value=\"195\"\/><script>document.getElementById( \"ak_js_1\" ).setAttribute( \"value\", ( new Date() ).getTime() );<\/script><\/p><div class=\"wpcf7-response-output\" aria-hidden=\"true\"><\/div>\n<\/form>\n<\/div>\n\n<p>&nbsp;<\/p>\n<hr \/>\n<h2>Gymnastik<\/h2>\n<p>Die Gymnastikabteilung entsprang aus der traditionsreichen Turnabteilung des TSV, die von 1895 an Mitglied der Mittelm\u00e4rkischen Turnerschaft war. Mit der Einf\u00fchrung des Hallenhandballs zog es viele Turner zu dieser neuen Sportart, sodass der Turnbetrieb mit Ausnahme der heutigen Gymnastikgruppe eingestellt werden musste.<\/p>\n<p>Heute geh\u00f6ren der Gymnastikabteilung eine Vielzahl engagierter Damen, die sich regelm\u00e4\u00dfig unter der Leitung einer ausgebildeten Vorturnerin trifft.<\/p>\n<p>Geturnt wird immer Montags von 20 bis 21:30 Uhr in der Realschulhalle.<a href=\"https:\/\/i0.wp.com\/tsv-germania-hohenlimburg-reh-1894-e-v.online.de\/TSVneu\/wp-content\/uploads\/2023\/07\/Gymnastik.png\"><img data-recalc-dims=\"1\" loading=\"lazy\" decoding=\"async\" class=\"alignnone size-full wp-image-501\" src=\"https:\/\/i0.wp.com\/tsv-germania-hohenlimburg-reh-1894-e-v.online.de\/TSVneu\/wp-content\/uploads\/2023\/07\/Gymnastik.png?resize=750%2C562\" alt=\"\" width=\"750\" height=\"562\" srcset=\"https:\/\/i0.wp.com\/www.tsv-reh.de\/wp-content\/uploads\/2023\/07\/Gymnastik.png?w=750&amp;ssl=1 750w, https:\/\/i0.wp.com\/www.tsv-reh.de\/wp-content\/uploads\/2023\/07\/Gymnastik.png?resize=300%2C225&amp;ssl=1 300w\" sizes=\"auto, (max-width: 750px) 100vw, 750px\" \/><\/a><\/p>\n","protected":false},"excerpt":{"rendered":"<p>Yoga-Kurs startet erneut am 13.01.2026 Fit und beweglich sein, wer m\u00f6chte das nicht? Ab dem 13.01.2026 starten wir wieder f\u00fcr 10mal in der Hagener Str. 41 in Letmathe jeweils dienstags ab 19 Uhr. F\u00fcr&#46;&#46;&#46;<\/p>\n","protected":false},"author":1,"featured_media":0,"parent":0,"menu_order":0,"comment_status":"open","ping_status":"open","template":"","meta":{"footnotes":""},"class_list":["post-21","page","type-page","status-publish","hentry"],"jetpack_shortlink":"https:\/\/wp.me\/P8WhUB-l","jetpack_sharing_enabled":true,"_links":{"self":[{"href":"https:\/\/www.tsv-reh.de\/index.php?rest_route=\/wp\/v2\/pages\/21","targetHints":{"allow":["GET"]}}],"collection":[{"href":"https:\/\/www.tsv-reh.de\/index.php?rest_route=\/wp\/v2\/pages"}],"about":[{"href":"https:\/\/www.tsv-reh.de\/index.php?rest_route=\/wp\/v2\/types\/page"}],"author":[{"embeddable":true,"href":"https:\/\/www.tsv-reh.de\/index.php?rest_route=\/wp\/v2\/users\/1"}],"replies":[{"embeddable":true,"href":"https:\/\/www.tsv-reh.de\/index.php?rest_route=%2Fwp%2Fv2%2Fcomments&post=21"}],"version-history":[{"count":17,"href":"https:\/\/www.tsv-reh.de\/index.php?rest_route=\/wp\/v2\/pages\/21\/revisions"}],"predecessor-version":[{"id":736,"href":"https:\/\/www.tsv-reh.de\/index.php?rest_route=\/wp\/v2\/pages\/21\/revisions\/736"}],"wp:attachment":[{"href":"https:\/\/www.tsv-reh.de\/index.php?rest_route=%2Fwp%2Fv2%2Fmedia&parent=21"}],"curies":[{"name":"wp","href":"https:\/\/api.w.org\/{rel}","templated":true}]}}