{"id":23,"date":"2014-01-30T18:13:48","date_gmt":"2014-01-30T16:13:48","guid":{"rendered":"http:\/\/tsv-germania-hohenlimburg-reh-1894-e-v.online.de\/TSVneu\/?page_id=23"},"modified":"2025-07-08T18:35:16","modified_gmt":"2025-07-08T16:35:16","slug":"mitgliedschaft","status":"publish","type":"page","link":"https:\/\/www.tsv-reh.de\/?page_id=23","title":{"rendered":"Mitgliedschaft"},"content":{"rendered":"<h2>M\u00f6chtest du &#8222;Aktiv mit Freunden&#8220; sein?<\/h2>\n<h3>Wir bieten:<\/h3>\n<p>&#8211; Ausbildung bzw. Anleitung durch geschulte Trainer<br \/>\n&#8211; leistungsorientierten Spielbetrieb (Handball)<br \/>\n&#8211; Spa\u00df mit Freunden<br \/>\n&#8211; Sportunfallversicherung (\u00dcber den LandesSportBund NRW)<br \/>\n&#8211; Familienausfl\u00fcge<br \/>\n&#8211; Freude am Sport<br \/>\n&#8211; Mitgliedschaft beim Deutschen Sportausweis<\/p>\n<h3>Was Kostet die Mitgliedschaft?<\/h3>\n<p>Im Vergleich zu vielem anderen stimmt das Preis-Leistungs-Verh\u00e4ltnis beim TSV Germania Reh. Von den Beitr\u00e4gem werden alle \u00dcbungseinheiten, der Spielbetrieb, die Sportversicherung und die Verbandsabgaben getragen. Also insgesamt eine wirklich faire Sache.<\/p>\n<table id=\"Tabelle1\" border=\"0\" width=\"100%\" cellspacing=\"0\" cellpadding=\"0\">\n<colgroup>\n<col \/>\n<col \/>\n<col \/> <\/colgroup>\n<tbody>\n<tr>\n<td width=\"181\">passive Mitgliedschaft:<\/td>\n<td width=\"107\">2,50 \u20ac\/Monat<\/td>\n<td width=\"111\">(15,00 \u20ac\/ Halbjahr)<\/td>\n<\/tr>\n<tr>\n<td><b>aktive Mitgliedschaft:<\/b><\/td>\n<td><\/td>\n<td><\/td>\n<\/tr>\n<tr>\n<td>Kinder 0 &#8211; 14 Jahre<\/td>\n<td>4,00 \u20ac\/Monat<\/td>\n<td>(24,00 \u20ac\/ Halbjahr)<\/td>\n<\/tr>\n<tr>\n<td>Jugendliche 15 &#8211; 18 Jahre<\/td>\n<td>4,50 \u20ac\/Monat<\/td>\n<td>(27,00 \u20ac\/ Halbjahr)<\/td>\n<\/tr>\n<tr>\n<td>Erwachsene<\/td>\n<td>6,50 \u20ac\/Monat<\/td>\n<td>(39,00 \u20ac\/ Halbjahr)<\/td>\n<\/tr>\n<tr>\n<td>erm\u00e4\u00dfigt*<\/td>\n<td>4,50 \u20ac\/Monat<\/td>\n<td>(27,00 \u20ac\/ Halbjahr)<\/td>\n<\/tr>\n<tr>\n<td>Familienbeitr\u00e4ge:**<\/p>\n<p>a) mehrere Kinder \/ Jugendliche<\/p>\n<p>b) Ehepaare<\/p>\n<p>c) Familien mit Kindern<\/td>\n<td><\/td>\n<td>&nbsp;<\/p>\n<p>42,00 \u20ac\/ Halbjahr<\/p>\n<p>48,00 \u20ac\/ Halbjahr<\/p>\n<p>60,00 \u20ac\/ Halbjahr<\/td>\n<\/tr>\n<\/tbody>\n<\/table>\n<p>* Sch\u00fcler, Student, FSJ, FWD ab 18 bis 27 Jahre<br \/>\n** Wird automatisch erhoben bei gleichem Lastschriftkonto \/ Kinder bis 18 Jahre<\/p>\n<p>Der Mitgliedsbeitrag wird halbj\u00e4hrig eingezogen. Die Buchungsdurchl\u00e4ufe finden im Mai und November statt. F\u00fcr Familien gibt es einen Deckelungsbetrag, damit die Belastung nicht zu hoch wird. Informationen hier\u00fcber gibt es beim Vorstand.<\/p>\n<h3>Wieso passive Mitgliedschaft?<\/h3>\n<p>Auch jeder passive Beitrag hilft dem TSV Germania Reh seine satzungsgem\u00e4\u00dfen Zwecke: die F\u00f6rderung des Sports und der Jugendarbeit umzusetzen. Wenn Du also fr\u00fcher einmal Reher warst oder irgendwie dem Verein, dem Sport oder den Mitgliedern verbunden bist, dann werde Mitglied und somit Freund und F\u00f6rderer. Einfach rechts die Beitrittserkl\u00e4rung runterladen, ausf\u00fcllen und zur\u00fccksenden. Ganz einfach. Wir freuen uns auf Dich.<\/p>\n<h3>Ziel unseres Vereins?<\/h3>\n<p>Unser Sportverein verfolgt unter anderem das Ziel Jugendlichen und Erwachsenen sportlich und gesellschaftlich zu st\u00e4rken und ein Ort der Gemeinschaft zu sein. Daher sollte der zu entrichtende Mitgliedsbeitrag kein Hinderniss darstellen, Mitglied in unserem Verein zu werden. Aus diesem Grunde ist es f\u00fcr Hartz IV-Empf\u00e4nger und andere sozial\/wirtschaftlich Benachteiligte m\u00f6glich mit entsprechenden Nachweisen vom Beitrag befreit zu werden. Die Daten werden in diesem Fall selbstverst\u00e4ndlich vertraulich von uns behandelt.<\/p>\n<h3>Du m\u00f6chtest bei uns Mitglied werden?<\/h3>\n<p>Dann f\u00fclle einfach unsere\u00a0<a href=\"http:\/\/tsv-germania-hohenlimburg-reh-1894-e-v.online.de\/TSVneu\/wp-content\/uploads\/2018\/08\/Anmeldung_2018.pdf\">Anmeldung<\/a>\u00a0aus. Zukommen lassen kannst du uns Sie per <a href=\"&#x6d;&#97;i&#x6c;&#116;&#111;&#x3a;&#x69;&#110;f&#x6f;&#64;t&#x73;&#x76;&#45;r&#x65;&#104;&#46;&#x64;&#x65;\">E-Mail<\/a>\u00a0oder per Post an unsere Adresse:<br \/>\n<em style=\"color: #555555;\">TSV Germania Hohenlimburg-Reh 1894 e.V.<\/em><br style=\"color: #555555;\" \/><span style=\"color: #555555;\">Postfach 5812<\/span><br style=\"color: #555555;\" \/><span style=\"color: #555555;\">58113 Hohenlimburg<\/span><\/p>\n<p>Alternativ kannst du Sie auch bei unserem Vorstandsteam oder bei allen Reher \u00dcbungsleitern abgeben.<\/p>\n<p>Und hier findest du unsere <a title=\"Satzung\" href=\"http:\/\/tsv-germania-hohenlimburg-reh-1894-e-v.online.de\/TSVneu\/wp-content\/uploads\/2014\/01\/Neue_Satzung_TSV_27.01.2015.pdf\" target=\"_blank\" rel=\"noopener\">Satzung<\/a>\u00a0dazu.<\/p>\n<h3>Du hast dich beim Sport verletzt?<\/h3>\n<p>Dann f\u00fclle bitte die <a href=\"http:\/\/tsv-germania-hohenlimburg-reh-1894-e-v.online.de\/TSVneu\/wp-content\/uploads\/2014\/01\/schadenmeldung.pdf\">Unfallmeldung<\/a> aus und setze dich mit uns in Kontakt.<\/p>\n","protected":false},"excerpt":{"rendered":"<p>M\u00f6chtest du &#8222;Aktiv mit Freunden&#8220; sein? Wir bieten: &#8211; Ausbildung bzw. Anleitung durch geschulte Trainer &#8211; leistungsorientierten Spielbetrieb (Handball) &#8211; Spa\u00df mit Freunden &#8211; Sportunfallversicherung (\u00dcber den LandesSportBund NRW) &#8211; Familienausfl\u00fcge &#8211; Freude am&#46;&#46;&#46;<\/p>\n","protected":false},"author":1,"featured_media":0,"parent":0,"menu_order":0,"comment_status":"open","ping_status":"open","template":"","meta":{"footnotes":""},"class_list":["post-23","page","type-page","status-publish","hentry"],"jetpack_shortlink":"https:\/\/wp.me\/P8WhUB-n","jetpack_sharing_enabled":true,"_links":{"self":[{"href":"https:\/\/www.tsv-reh.de\/index.php?rest_route=\/wp\/v2\/pages\/23","targetHints":{"allow":["GET"]}}],"collection":[{"href":"https:\/\/www.tsv-reh.de\/index.php?rest_route=\/wp\/v2\/pages"}],"about":[{"href":"https:\/\/www.tsv-reh.de\/index.php?rest_route=\/wp\/v2\/types\/page"}],"author":[{"embeddable":true,"href":"https:\/\/www.tsv-reh.de\/index.php?rest_route=\/wp\/v2\/users\/1"}],"replies":[{"embeddable":true,"href":"https:\/\/www.tsv-reh.de\/index.php?rest_route=%2Fwp%2Fv2%2Fcomments&post=23"}],"version-history":[{"count":12,"href":"https:\/\/www.tsv-reh.de\/index.php?rest_route=\/wp\/v2\/pages\/23\/revisions"}],"predecessor-version":[{"id":683,"href":"https:\/\/www.tsv-reh.de\/index.php?rest_route=\/wp\/v2\/pages\/23\/revisions\/683"}],"wp:attachment":[{"href":"https:\/\/www.tsv-reh.de\/index.php?rest_route=%2Fwp%2Fv2%2Fmedia&parent=23"}],"curies":[{"name":"wp","href":"https:\/\/api.w.org\/{rel}","templated":true}]}}