{"id":25,"date":"2014-01-30T18:14:38","date_gmt":"2014-01-30T16:14:38","guid":{"rendered":"http:\/\/tsv-germania-hohenlimburg-reh-1894-e-v.online.de\/TSVneu\/?page_id=25"},"modified":"2014-01-31T14:45:48","modified_gmt":"2014-01-31T12:45:48","slug":"sponsoring","status":"publish","type":"page","link":"https:\/\/www.tsv-reh.de\/?page_id=25","title":{"rendered":"Sponsoring"},"content":{"rendered":"<p><b>Spenden<\/b><br \/>\nNat\u00fcrlich sind wir \u00fcber jede zus\u00e4tzliche Spende dankbar, die wir zur F\u00f6rderung des Sports und im besonderen zur F\u00f6rderung der Jugendarbeit einsetzen k\u00f6nnen. Gerade in der jetzigen Zeit in der es gilt, die Belastung der Familien so gering wie m\u00f6glich zu halten, ist es unser Ziel die Beitragss\u00e4tze im gleichen Niveau zu halten. Dies ist jedoch nur schwer zu erreichen, da die Abgaben an die Verb\u00e4nde, die f\u00fcr den Sportbetrieb n\u00f6tig sind, stetig steigen. Gleichzeitig sinken aber die Zusch\u00fcsse von Seiten der Verb\u00e4nde. Zudem werden bedingt durch die leeren Kassen der Stadt Hagen weitere Aufgaben an die Vereine \u00dcbertragen, was meist ebenfalls mit weiteren Kosten behaftet ist. Aus diesem Grund freuen wir uns \u00fcber jede Spende, egal in welcher H\u00f6he, die uns Hilft unsere Ausgaben leichter zu bew\u00e4ltigen.<\/p>\n<p>Spenden k\u00f6nnen im \u00dcbrigen von der Steuer abgesetzt werden. Dabei reicht bei Spenden bis zu 200 EUR der normale \u00dcberweisungsbeleg. Bei h\u00f6heren Spenden kann der Verein eine Bescheinigung ausstellen. Zu weiteren Informationen stehen wir als Vorstand gerne zur Verf\u00fcgung.<\/p>\n<p><b>Dauerspenden<\/b><br \/>\nNeben den Einzelspenden ist es m\u00f6glich, sich als Dauerspender bei unserem Verein anzumelden. Dies ist bereits ab 1,00 EUR\/Monat m\u00f6glich. Die Spenden werden dann bequem vom Konto abgebucht. Am Ende des Jahres erhalten alle Spender eine Spendenquittung, ein Nachweis \u00fcber die Verwendung der Mittel und eine Spendenurkunde. Wenn Du bei uns Dauerspender werden willst, brauchst Du einfach nur das nebenstehende Formular \u00f6ffnen, ausf\u00fcllen, ausdrucken und an uns zu \u00dcbergeben. Schon bist Du im Kreise unserer eifrigen Spender.<\/p>\n<p>S<b>ponsoring<\/b><br \/>\nDer Sport ist eine der sch\u00f6nsten Nebensachen der Welt und nimmt folglich in der aktiven und passiven Freizeitgestaltung einen immer gr\u00f6\u00dferen Stellenwert ein und fasziniert durch Elemente wie Gesundheit, Leistung, Dynamik und Spannung. Daher eignet sich dieses Umfeld besonders um den Bekanntheitsgrad eines Unternehmens weiter zu steigern.<\/p>\n<p>Sportsponsoring ist heutzutage bereits so etabliert, dass es aus dem Sport, der Wirtschaft und der Medienlandschaft nicht mehr wegzudenken ist.<\/p>\n<p>Wir w\u00fcrden uns sehr freuen, wenn wir Sie in unserem Sponsorenteam begr\u00fc\u00dfen d\u00fcrfen. Wir bieten mit unserem Verein und den beiden angeschlossenen Handball-Spiel-Gemeinschaften (HSG Hohenlimburg) hierzu vielf\u00e4ltige M\u00f6glichkeiten. So zum Beispiel: Bandenwerbung in der RTH Hohenlimburg, Inserate im Saisonheft der HSG, Bannerwerbung und Anzeigen auf den Homepages des TSV, der HSG, Trikotwerbung, Pr\u00e4sentationen w\u00e4hrend der Sportveranstaltungen et cetera.<\/p>\n<p>Sollten Sie Interesse an einer Zusammenarbeit mit uns haben, dann sprechen Sie uns einfach an. Per\u00a0<a href=\"&#x6d;&#97;i&#x6c;&#116;o&#x3a;&#105;n&#x66;&#111;&#64;&#x74;&#115;v&#x2d;&#x72;e&#x68;&#x2e;&#100;&#x65;?subject=Sponsoring\">E-Mail<\/a> oder unter der Hotline 02334\/520105.<\/p>\n","protected":false},"excerpt":{"rendered":"<p>Spenden Nat\u00fcrlich sind wir \u00fcber jede zus\u00e4tzliche Spende dankbar, die wir zur F\u00f6rderung des Sports und im besonderen zur F\u00f6rderung der Jugendarbeit einsetzen k\u00f6nnen. Gerade in der jetzigen Zeit in der es gilt, die&#46;&#46;&#46;<\/p>\n","protected":false},"author":1,"featured_media":0,"parent":0,"menu_order":0,"comment_status":"open","ping_status":"open","template":"","meta":{"footnotes":""},"class_list":["post-25","page","type-page","status-publish","hentry"],"jetpack_shortlink":"https:\/\/wp.me\/P8WhUB-p","jetpack_sharing_enabled":true,"_links":{"self":[{"href":"https:\/\/www.tsv-reh.de\/index.php?rest_route=\/wp\/v2\/pages\/25","targetHints":{"allow":["GET"]}}],"collection":[{"href":"https:\/\/www.tsv-reh.de\/index.php?rest_route=\/wp\/v2\/pages"}],"about":[{"href":"https:\/\/www.tsv-reh.de\/index.php?rest_route=\/wp\/v2\/types\/page"}],"author":[{"embeddable":true,"href":"https:\/\/www.tsv-reh.de\/index.php?rest_route=\/wp\/v2\/users\/1"}],"replies":[{"embeddable":true,"href":"https:\/\/www.tsv-reh.de\/index.php?rest_route=%2Fwp%2Fv2%2Fcomments&post=25"}],"version-history":[{"count":3,"href":"https:\/\/www.tsv-reh.de\/index.php?rest_route=\/wp\/v2\/pages\/25\/revisions"}],"predecessor-version":[{"id":84,"href":"https:\/\/www.tsv-reh.de\/index.php?rest_route=\/wp\/v2\/pages\/25\/revisions\/84"}],"wp:attachment":[{"href":"https:\/\/www.tsv-reh.de\/index.php?rest_route=%2Fwp%2Fv2%2Fmedia&parent=25"}],"curies":[{"name":"wp","href":"https:\/\/api.w.org\/{rel}","templated":true}]}}