{"id":341,"date":"2018-11-29T16:44:24","date_gmt":"2018-11-29T14:44:24","guid":{"rendered":"http:\/\/www.tsv-reh.de\/?page_id=341"},"modified":"2018-11-29T16:44:36","modified_gmt":"2018-11-29T14:44:36","slug":"datenschutzerklaerung","status":"publish","type":"page","link":"https:\/\/www.tsv-reh.de\/?page_id=341","title":{"rendered":"Datenschutzerkl\u00e4rung"},"content":{"rendered":"<div class=\"page\" title=\"Page 2\">\n<div class=\"layoutArea\">\n<div class=\"column\">\n<p>Informationspflichten nach Artikel 13 und 14 DSGVO<\/p>\n<p>Nach Artikel 13 und 14 EU-DSGVO hat der Verantwortliche einer betroffenen Person, deren Daten er verarbeitet, die in den Artikeln genann-ten Informationen bereit zu stellen. Dieser Informationspflicht kommt dieses Merkblatt nach.<br \/>\n1. Namen und Kontakt:<\/p>\n<p>TSV Germania Hohenlimburg-Reh e.V., E-Mail: &#x69;n&#x66;&#111;&#x40;&#116;s&#x76;-&#x72;&#101;&#x68;&#46;d&#x65;<\/p>\n<p>vertreten durch die jeweiligen Vorst\u00e4nde.<\/p>\n<ol start=\"2\">\n<li>Zwecke, f\u00fcr die personenbezogenen Daten verarbeitet werden:Die personenbezogenen Daten werden f\u00fcr die Durchf\u00fchrung des Mitgliedschaftsverh\u00e4ltnisses verarbeitet (z.B. Einladung zu Versamm- lungen, Beitragseinzug, Organisation des Sportbetriebes).<br \/>\nFerner werden personenbezogene Daten zur Teilnahme am Wettkampf-, Turnier- und Spielbetrieb der Landesfachverb\u00e4nde an diese wei- tergeleitet. Dar\u00fcber hinaus werden personenbezogene Daten im Zusammenhang mit sportlichen Ereignissen einschlie\u00dflich der Bericht- erstattung hier\u00fcber auf der Internetseite des Vereins, in Auftritten des Vereins in Sozialen Medien sowie auf Seiten der Fachverb\u00e4nde ver\u00f6ffentlicht und an lokale, regionale und \u00fcberregionale Printmedien \u00fcbermittelt.<\/li>\n<li>Rechtsgrundlagen, auf Grund derer die Verarbeitung erfolgt:<br \/>\nDie Verarbeitung der personenbezogenen Daten erfolgt in der Regel aufgrund der Erforderlichkeit zur Erf\u00fcllung eines Vertrages gem\u00e4\u00df Artikel 6 Abs. 1 lit. b) DSGVO. Bei den Vertragsverh\u00e4ltnissen handelt es sich in erster Linie um das Mitgliedschaftsverh\u00e4ltnis im Verein und um die Teilnahme am Spielbetrieb der Fachverb\u00e4nde.<br \/>\nWerden personenbezogene Daten erhoben, ohne dass die Verarbeitung zur Erf\u00fcllung des Vertrages erforderlich ist, erfolgt die Verarbei- tung aufgrund einer Einwilligung nach Artikel 6 Abs. 1 lit. a) i.V.m. Artikel 7 DSGVO.<br \/>\nDie Ver\u00f6ffentlichung personenbezogener Daten im Internet oder in lokalen, regionalen oder \u00fcberregionalen Printmedien erfolgt zur Wah- rung berechtigter Interessen des Vereins (vgl. Artikel 6 Abs. 1 lit. f) DSGVO). Das berechtigte Interesse des Vereins besteht in der Informa- tion der \u00d6ffentlichkeit durch Berichtserstattung \u00fcber die Aktivit\u00e4ten des Vereins. In diesem Rahmen werden personenbezogene Daten einschlie\u00dflich von Bildern der Teilnehmer zum Beispiel im Rahmen der Berichterstattung \u00fcber sportliche Ereignisse des Vereins ver\u00f6f- fentlicht.<\/li>\n<li>Die Empf\u00e4nger oder Kategorien von Empf\u00e4ngern der personenbezogenen Daten:<br \/>\nPersonenbezogene Daten der Mitglieder, die am Spiel- und Wettkampfbetrieb der Landesfachverb\u00e4nde teilnehmen, wer den zum Erwerb einer Lizenz, einer Wertungskarte, eines Spielerpasses oder sonstiger Teilnahmeberechtigung an den jeweiligen Landesfachverband weitergegeben. Die Daten der Bankverbindung der Mitglieder werden zum Zwecke des Beitragseinzugs an die entsprechende Bank\u00a0weitergeleitet.<\/li>\n<li>Die Dauer, f\u00fcr die die personenbezogenen Daten gespeichert werden oder, falls dies nicht m\u00f6glich ist, die Kriterien f\u00fcr die Festlegung\u00a0der Dauer:<br \/>\nDie personenbezogenen Daten werden f\u00fcr die Dauer der Mitgliedschaft gespeichert. Mit Beendigung der Mitgliedschaft werden die Datenkategorien gem\u00e4\u00df den gesetzlichen Aufbewahrungsfristen weitere zehn Jahre vorgehalten und dann gel\u00f6scht. In der Zeit zwischen Beendigung der Mitgliedschaft und der L\u00f6schung wird die Verarbeitung dieser Daten eingeschr\u00e4nkt.<br \/>\nBestimmte Datenkategorien werden zum Zweck der Vereinschronik im Vereinsarchiv gespeichert. Hierbei handelt es sich um die Kategorien Vorname, Nachname, Zugeh\u00f6rigkeit zu einer Mannschaft, besondere sportliche Erfolge oder Ereignisse, an denen die betroffene Person mitgewirkt hat. Der Speicherung liegt ein berechtigtes Interesse des Vereins an der zeitgeschichtlichen Dokumentation von sportlichen Ereignissen und Erfolgen und der jeweiligen Zusammensetzung der Mannschaften zugrunde.<br \/>\nAlle Daten der \u00fcbrigen Kategorien (z.B. Bankdaten, Anschrift, Kontaktdaten) werden mit Beendigung der Mitgliedschaft gel\u00f6scht.<\/li>\n<\/ol>\n<p>6. Der betroffenen Person stehen unter den in den Artikeln jeweils genannten Voraussetzungen die nachfolgenden Rechte zu: &#8211; das Recht auf Auskunft nach Artikel 15 DSGVO,<br \/>\n&#8211; das Recht auf Berichtigung nach Artikel 16 DSGVO,<br \/>\n&#8211; das Recht auf L\u00f6schung nach Artikel 17 DSGVO,<\/p>\n<p>&#8211; das Recht auf Einschr\u00e4nkung der Verarbeitung nach Artikel 18 DSGVO,<br \/>\n&#8211; das Recht auf Daten\u00fcbertragbarkeit nach Artikel 20 DSGVO,<br \/>\n&#8211; das Widerspruchsrecht nach Artikel 21 DSGVO,<br \/>\n&#8211; das Recht auf Beschwerde bei einer Aufsichtsbeh\u00f6rde nach Artikel 77 DSGVO<\/p>\n<p>&#8211; das Recht, eine erteilte Einwilligung jederzeit widerrufen zu k\u00f6nnen, ohne dass die Rechtm\u00e4\u00dfigkeit der aufgrund der Einwilligung bis zum Widerruf erfolgten Verarbeitung hierdurch ber\u00fchrt wird.<\/p>\n<p>7. Die Quelle, aus der die personenbezogenen Daten stammen:<br \/>\nDie personenbezogenen Daten werden grunds\u00e4tzlich im Rahmen des Erwerbs der Mitgliedschaft erhoben.<\/p>\n<\/div>\n<\/div>\n<p><img decoding=\"async\" src=\"data:image\/png;base64,iVBORw0KGgoAAAANSUhEUgAAAFEAAAABCAYAAACmAULBAAAAAXNSR0IArs4c6QAAAAlwSFlzAAAaPQAAGj0B6navTwAAABtJREFUGBljlJSU1Pz79y8rwyggKwRevXp1BQBV2AcEuk3CJAAAAABJRU5ErkJggg==\" alt=\"page2image2002238224\" width=\"80.153000\" height=\"0.180000\" \/><\/p>\n<div class=\"layoutArea\">\n<div class=\"column\">\n<p>Ende der Informationspflicht, Stand: Mai 2018<\/p>\n<\/div>\n<\/div>\n<\/div>\n","protected":false},"excerpt":{"rendered":"<p>Informationspflichten nach Artikel 13 und 14 DSGVO Nach Artikel 13 und 14 EU-DSGVO hat der Verantwortliche einer betroffenen Person, deren Daten er verarbeitet, die in den Artikeln genann-ten Informationen bereit zu stellen. Dieser Informationspflicht&#46;&#46;&#46;<\/p>\n","protected":false},"author":1,"featured_media":0,"parent":29,"menu_order":0,"comment_status":"closed","ping_status":"closed","template":"","meta":{"footnotes":""},"class_list":["post-341","page","type-page","status-publish","hentry"],"jetpack_shortlink":"https:\/\/wp.me\/P8WhUB-5v","jetpack_sharing_enabled":true,"_links":{"self":[{"href":"https:\/\/www.tsv-reh.de\/index.php?rest_route=\/wp\/v2\/pages\/341","targetHints":{"allow":["GET"]}}],"collection":[{"href":"https:\/\/www.tsv-reh.de\/index.php?rest_route=\/wp\/v2\/pages"}],"about":[{"href":"https:\/\/www.tsv-reh.de\/index.php?rest_route=\/wp\/v2\/types\/page"}],"author":[{"embeddable":true,"href":"https:\/\/www.tsv-reh.de\/index.php?rest_route=\/wp\/v2\/users\/1"}],"replies":[{"embeddable":true,"href":"https:\/\/www.tsv-reh.de\/index.php?rest_route=%2Fwp%2Fv2%2Fcomments&post=341"}],"version-history":[{"count":2,"href":"https:\/\/www.tsv-reh.de\/index.php?rest_route=\/wp\/v2\/pages\/341\/revisions"}],"predecessor-version":[{"id":343,"href":"https:\/\/www.tsv-reh.de\/index.php?rest_route=\/wp\/v2\/pages\/341\/revisions\/343"}],"up":[{"embeddable":true,"href":"https:\/\/www.tsv-reh.de\/index.php?rest_route=\/wp\/v2\/pages\/29"}],"wp:attachment":[{"href":"https:\/\/www.tsv-reh.de\/index.php?rest_route=%2Fwp%2Fv2%2Fmedia&parent=341"}],"curies":[{"name":"wp","href":"https:\/\/api.w.org\/{rel}","templated":true}]}}