{"id":581,"date":"2024-08-23T17:33:31","date_gmt":"2024-08-23T15:33:31","guid":{"rendered":"https:\/\/www.tsv-reh.de\/?page_id=581"},"modified":"2024-08-23T17:37:30","modified_gmt":"2024-08-23T15:37:30","slug":"mitglieder-benefits","status":"publish","type":"page","link":"https:\/\/www.tsv-reh.de\/?page_id=581","title":{"rendered":"Mitglieder Benefits"},"content":{"rendered":"<p><a href=\"https:\/\/i0.wp.com\/www.tsv-reh.de\/wp-content\/uploads\/2024\/08\/Banner_Schweinchen_blau-wei%EF%BB%93.jpg?ssl=1\"><img data-recalc-dims=\"1\" loading=\"lazy\" decoding=\"async\" class=\"alignnone wp-image-583\" src=\"https:\/\/i0.wp.com\/www.tsv-reh.de\/wp-content\/uploads\/2024\/08\/Banner_Schweinchen_blau-wei%EF%BB%93.jpg?resize=673%2C463&#038;ssl=1\" alt=\"\" width=\"673\" height=\"463\" srcset=\"https:\/\/i0.wp.com\/www.tsv-reh.de\/wp-content\/uploads\/2024\/08\/Banner_Schweinchen_blau-wei%EF%BB%93.jpg?w=940&amp;ssl=1 940w, https:\/\/i0.wp.com\/www.tsv-reh.de\/wp-content\/uploads\/2024\/08\/Banner_Schweinchen_blau-wei%EF%BB%93.jpg?resize=300%2C206&amp;ssl=1 300w, https:\/\/i0.wp.com\/www.tsv-reh.de\/wp-content\/uploads\/2024\/08\/Banner_Schweinchen_blau-wei%EF%BB%93.jpg?resize=768%2C529&amp;ssl=1 768w\" sizes=\"auto, (max-width: 673px) 100vw, 673px\" \/><\/a><\/p>\n<p style=\"font-weight: 400;\">MITGLIEDER<strong>BENEFITS \u2013 <\/strong>Top-Aktionen und Rabatte<\/p>\n<p style=\"font-weight: 400;\">Als Mitglied vom TSV erh\u00e4ltst Du einen exklusiven Zugang zur Vorteilswelt MITGLIEDER<strong>BENEFITS. <\/strong>Dich erwarten dauerhaft spannende Rabatte von bis zu 30% bei mehr als 150 Premium-Marken. Entdecke z.B. Produkte aus dem Bereich Mode &amp; Accessoires und alles was Dir Freude bereitet. Es kommen auch dauernd neue Anbieter hinzu.<\/p>\n<p style=\"font-weight: 400;\">Doch Du kannst nicht nur sparen, sondern auch noch etwas Gutes tun. 25% der Einnahmen aus der Plattform werdenvon MITGLIEDER<strong>BENEFITS<\/strong> an wohlt\u00e4tige und gemeinn\u00fctzige Projekte gespendet \u2013 ganz nach dem Motto Shoppen, Sparen, Spenden!<\/p>\n<p style=\"font-weight: 400;\">MITGLIEDER<strong>BENEFITS <\/strong>ist\u2026<\/p>\n<p style=\"font-weight: 400;\"><strong>\u2026kostenlos: <\/strong>Dich kostet die Plattform keinen Cent<\/p>\n<p style=\"font-weight: 400;\"><strong>\u2026vorteilhaft<\/strong>: Durch eine gro\u00dfe Gemeinschaft und den Verzicht auf Zwischenh\u00e4ndler genie\u00dft Du gro\u00dfe Einkaufsvorteile<\/p>\n<p style=\"font-weight: 400;\"><strong>\u2026 sicher:<\/strong> Hohe Sicherheitsstandards mit Servern in Deutschland<\/p>\n<p style=\"font-weight: 400;\"><strong>\u2026 sparsam mit Daten<\/strong>: Geshoppt und gezahlt wird bei Rabatt-Anbietern, Du entscheidest, wem Du Deine Daten gibst<\/p>\n<p style=\"font-weight: 400;\"><strong>\u2026 hilfreich:<\/strong> Regelm\u00e4\u00dfige Spenden unterst\u00fctzen gemeinn\u00fctzige Projekte<\/p>\n<p><a href=\"mail&#116;&#111;&#58;&#83;&#97;&#98;&#114;&#x69;&#x6e;&#x61;&#x2e;&#x68;&#x65;&#x69;&#x64;&#x65;r&#64;ts&#118;&#45;&#114;&#101;&#104;&#46;&#100;&#x65;\">Du m\u00f6chtest auch davon profitieren? Dann melde dich bei uns, wir schicken dir deinen pers\u00f6nlichen Zugangscode.<\/a><\/p>\n<p>&nbsp;<\/p>\n<p>&nbsp;<\/p>\n","protected":false},"excerpt":{"rendered":"<p>MITGLIEDERBENEFITS \u2013 Top-Aktionen und Rabatte Als Mitglied vom TSV erh\u00e4ltst Du einen exklusiven Zugang zur Vorteilswelt MITGLIEDERBENEFITS. Dich erwarten dauerhaft spannende Rabatte von bis zu 30% bei mehr als 150 Premium-Marken. Entdecke z.B. Produkte&#46;&#46;&#46;<\/p>\n","protected":false},"author":1,"featured_media":0,"parent":23,"menu_order":0,"comment_status":"closed","ping_status":"closed","template":"","meta":{"footnotes":""},"class_list":["post-581","page","type-page","status-publish","hentry"],"jetpack_shortlink":"https:\/\/wp.me\/P8WhUB-9n","jetpack_sharing_enabled":true,"_links":{"self":[{"href":"https:\/\/www.tsv-reh.de\/index.php?rest_route=\/wp\/v2\/pages\/581","targetHints":{"allow":["GET"]}}],"collection":[{"href":"https:\/\/www.tsv-reh.de\/index.php?rest_route=\/wp\/v2\/pages"}],"about":[{"href":"https:\/\/www.tsv-reh.de\/index.php?rest_route=\/wp\/v2\/types\/page"}],"author":[{"embeddable":true,"href":"https:\/\/www.tsv-reh.de\/index.php?rest_route=\/wp\/v2\/users\/1"}],"replies":[{"embeddable":true,"href":"https:\/\/www.tsv-reh.de\/index.php?rest_route=%2Fwp%2Fv2%2Fcomments&post=581"}],"version-history":[{"count":2,"href":"https:\/\/www.tsv-reh.de\/index.php?rest_route=\/wp\/v2\/pages\/581\/revisions"}],"predecessor-version":[{"id":590,"href":"https:\/\/www.tsv-reh.de\/index.php?rest_route=\/wp\/v2\/pages\/581\/revisions\/590"}],"up":[{"embeddable":true,"href":"https:\/\/www.tsv-reh.de\/index.php?rest_route=\/wp\/v2\/pages\/23"}],"wp:attachment":[{"href":"https:\/\/www.tsv-reh.de\/index.php?rest_route=%2Fwp%2Fv2%2Fmedia&parent=581"}],"curies":[{"name":"wp","href":"https:\/\/api.w.org\/{rel}","templated":true}]}}